{"id":967,"date":"2020-01-30T13:49:03","date_gmt":"2020-01-30T12:49:03","guid":{"rendered":"https:\/\/woldrew.pl\/?page_id=967"},"modified":"2021-08-30T11:25:53","modified_gmt":"2021-08-30T09:25:53","slug":"ueber-uns","status":"publish","type":"page","link":"https:\/\/woldrew.pl\/de\/ueber-uns\/","title":{"rendered":"\u00dcber Uns"},"content":{"rendered":"<section class=\"wpb-content-wrapper\">[vc_row thb_full_width=&#8220;true&#8220; thb_row_padding=&#8220;true&#8220; thb_column_padding=&#8220;true&#8220; parallax=&#8220;content-moving&#8220; parallax_image=&#8220;242&#8243; css=&#8220;.vc_custom_1558002231883{margin-top: 0px !important;margin-bottom: 0px !important;padding-top: 50px !important;padding-bottom: 50px !important;}&#8220; thb_divider_height=&#8220;25&#8243; thb_divider_color=&#8220;#ffffff&#8220;][vc_column][\/vc_column][\/vc_row][vc_section full_width=&#8220;stretch_row&#8220; el_class=&#8220;content-section heading-section&#8220;][vc_row][vc_column][vc_column_text el_class=&#8220;heading medium&#8220;]\n<h1>\u00dcber Uns<\/h1>\n[\/vc_column_text][\/vc_column][\/vc_row][\/vc_section][vc_section el_class=&#8220;content-section margin-top-medium margin-bottom-medium has-border-bottom&#8220;][vc_row][vc_column][vc_column_text]Woldrew ist ein Familienunternehmen, das in den f\u00fcnfziger Jahren gegr\u00fcndet wurde und sich auf Herstellung von Elementen aus Massivholz spezialisiert. Urspr\u00fcnglich waren es Fu\u00dfb\u00f6den aus Massivholz, Parkette sowie Mosaiken. Heute bieten wir auch M\u00f6belbauplatten, Treppen- und M\u00f6belbauteile, Mosaik- und Industrieparkette. Unsere Produkte verkaufen wir Polenweit, aber wir liefern unsere Produkte auch in die westeurop\u00e4ischen L\u00e4nder sowie nach Skandinavien. Eine breite Palette von angebotenen Holzarten, modernste Maschinen und zertifizierte Verfahren erlauben uns ausschlie\u00dflich Produkte h\u00f6chster Qualit\u00e4t anzubieten.<\/p>\n<p>Wir besitzen eine komplette Produktionslinie: vom Rundholzs\u00e4gen, \u00fcber Trocknung, Weiterverarbeitung bis zum Endprodukt. Moderne Maschinen und Anlagen mit hoher Leistungsf\u00e4higkeit sowie eine strenge Qualit\u00e4tskontrolle auf allen Produktionsetappen sorgen seit Jahrzehnten f\u00fcr einen guten Ruf unseres Unternehmens und garantieren unseren Kunden die h\u00f6chste Qualit\u00e4t.[\/vc_column_text][\/vc_column][\/vc_row][\/vc_section][vc_section el_class=&#8220;content-section margin-top-medium margin-bottom-medium has-border-bottom&#8220;][vc_row][vc_column][vc_custom_heading text=&#8220;Ohne notwendigen Respekt f\u00fcr die nat\u00fcrliche Vollkommenheit des Holzes als Rohstoffes kann man keine sch\u00f6nen und best\u00e4ndigen Produkte herstellen. Dank st\u00e4ndiger Optimierung unserer Produktionsprozesse wird das Holz bis auf das kleinste Element verbraucht, wodurch die Verschwendung und Vernichtung dieses von Natur perfekten Rohstoffes verhindert wird.&#8220; font_container=&#8220;tag:p|text_align:left&#8220; google_fonts=&#8220;font_family:Merriweather%3A300%2C300italic%2Cregular%2Citalic%2C700%2C700italic%2C900%2C900italic|font_style:400%20italic%3A400%3Aitalic&#8220; css_animation=&#8220;fadeIn&#8220;][\/vc_column][\/vc_row][\/vc_section][vc_section disable_element=&#8220;yes&#8220; el_class=&#8220;content-section margin-top-medium margin-bottom-medium&#8220;][vc_row][vc_column][vc_column_text el_class=&#8220;heading medium&#8220;]\n<h2>Zertifikate<\/h2>\n[\/vc_column_text]\t<div id=\"thb-image-69f606a473077\" class=\"caption-style1 animation fade-in alignnone   thb_image_link wp-caption \">\n\t\t\t<div class=\"thb-image-inner size_100\">\n\t\t\t<img width=\"120\" height=\"120\" src=\"https:\/\/woldrew.pl\/wp-content\/uploads\/2019\/05\/ce-cert.png\" class=\"thb_image    attachment-full\" alt=\"\" decoding=\"async\" title=\"ce-cert\" srcset=\"https:\/\/woldrew.pl\/wp-content\/uploads\/2019\/05\/ce-cert.png 120w, https:\/\/woldrew.pl\/wp-content\/uploads\/2019\/05\/ce-cert-100x100.png 100w, https:\/\/woldrew.pl\/wp-content\/uploads\/2019\/05\/ce-cert-20x20.png 20w\" sizes=\"(max-width: 120px) 100vw, 120px\" \/>\t\t\t\t\t<\/div>\n\t\t\t\t\t<\/div>\n\t[vc_column_text]<strong>CE-Zertifikat<\/strong>\u00a0bedeutet, dass unsere Produkte strenge Anforderungen der EU-Normen erf\u00fcllen. Wenn Sie Kopien dieser Dokumente erhalten m\u00f6chten, wenden Sie sich bitte an unsere Vertriebsabteilung.[\/vc_column_text]\t<div id=\"thb-image-69f606a473e90\" class=\"caption-style1 animation fade-in alignnone   thb_image_link wp-caption \">\n\t\t\t<div class=\"thb-image-inner size_100\">\n\t\t\t<img width=\"240\" height=\"400\" src=\"https:\/\/woldrew.pl\/wp-content\/uploads\/2019\/07\/fsc2019-240.png\" class=\"thb_image retina_size   attachment-full\" alt=\"\" decoding=\"async\" title=\"FSC2019-240\" srcset=\"https:\/\/woldrew.pl\/wp-content\/uploads\/2019\/07\/fsc2019-240.png 240w, https:\/\/woldrew.pl\/wp-content\/uploads\/2019\/07\/fsc2019-240-190x317.png 190w, https:\/\/woldrew.pl\/wp-content\/uploads\/2019\/07\/fsc2019-240-20x33.png 20w\" sizes=\"(max-width: 240px) 100vw, 240px\" \/>\t\t\t\t\t<\/div>\n\t\t\t\t\t<\/div>\n\t[vc_column_text]<strong>FSC\u00ae-Zertifikat<\/strong> garantiert, dass die Rohstoffe, die zur Herstellung unserer Produkte verwendet wurden von Forstbetrieben gekauft wurden, die f\u00fcr die nachhaltige Waldnutzung sorgen und verantwortlich, gem\u00e4\u00df den sozialen, \u00f6konomischen und \u00f6kologischen Bed\u00fcrfnissen mit den globalen Waldressourcen umgehen. Das FSC-Zertifikat wird den Unternehmen durch die unabh\u00e4ngige, gemeinn\u00fctzige Nicht-Regierungsorganisation verliehen, die zur F\u00f6rderung der umweltfreundlichen, sozialf\u00f6rderlichen und \u00f6konomisch tragf\u00e4higen Bewirtschaftung von W\u00e4ldern gegr\u00fcndet wurde. Fragen Sie nach FSC\u00ae-zertifizierten Produkten.<\/p>\n<p>Mit dem FSC\u00ae-Label werden ausschlie\u00dflich zertifizierte Produkte versehen.<\/p>\n<p>Zertifikatsnummer: CU-COC -822470.[\/vc_column_text][\/vc_column][\/vc_row][\/vc_section][vc_row thb_full_width=&#8220;true&#8220; thb_row_padding=&#8220;true&#8220; thb_column_padding=&#8220;true&#8220; el_class=&#8220;gallery-section&#8220;][vc_column][vc_gallery gallery_type=&#8220;thb-portfolio&#8220; thb_margins=&#8220;pixel-padding&#8220; lightbox=&#8220;mfp-gallery&#8220; images=&#8220;394,393,531,396,395,530&#8243; img_size=&#8220;&#8220;][\/vc_column][\/vc_row]\n<\/section>","protected":false},"excerpt":{"rendered":"<p>[vc_row thb_full_width=&#8220;true&#8220; thb_row_padding=&#8220;true&#8220; thb_column_padding=&#8220;true&#8220; parallax=&#8220;content-moving&#8220; parallax_image=&#8220;242&#8243; css=&#8220;.vc_custom_1558002231883{margin-top: 0px !important;margin-bottom: 0px !important;padding-top: 50px !important;padding-bottom: 50px !important;}&#8220; thb_divider_height=&#8220;25&#8243; thb_divider_color=&#8220;#ffffff&#8220;][vc_column][\/vc_column][\/vc_row][vc_section full_width=&#8220;stretch_row&#8220; el_class=&#8220;content-section heading-section&#8220;][vc_row][vc_column][vc_column_text el_class=&#8220;heading medium&#8220;] \u00dcber Uns [\/vc_column_text][\/vc_column][\/vc_row][\/vc_section][vc_section el_class=&#8220;content-section margin-top-medium margin-bottom-medium has-border-bottom&#8220;][vc_row][vc_column][vc_column_text]Woldrew ist ein Familienunternehmen, das in den f\u00fcnfziger Jahren gegr\u00fcndet wurde und sich auf Herstellung von Elementen aus Massivholz spezialisiert. Urspr\u00fcnglich waren es Fu\u00dfb\u00f6den aus Massivholz, Parkette&hellip;<\/p>\n","protected":false},"author":1,"featured_media":0,"parent":0,"menu_order":0,"comment_status":"closed","ping_status":"closed","template":"","meta":{"_seopress_robots_primary_cat":""},"_links":{"self":[{"href":"https:\/\/woldrew.pl\/de\/wp-json\/wp\/v2\/pages\/967"}],"collection":[{"href":"https:\/\/woldrew.pl\/de\/wp-json\/wp\/v2\/pages"}],"about":[{"href":"https:\/\/woldrew.pl\/de\/wp-json\/wp\/v2\/types\/page"}],"author":[{"embeddable":true,"href":"https:\/\/woldrew.pl\/de\/wp-json\/wp\/v2\/users\/1"}],"replies":[{"embeddable":true,"href":"https:\/\/woldrew.pl\/de\/wp-json\/wp\/v2\/comments?post=967"}],"version-history":[{"count":3,"href":"https:\/\/woldrew.pl\/de\/wp-json\/wp\/v2\/pages\/967\/revisions"}],"predecessor-version":[{"id":1016,"href":"https:\/\/woldrew.pl\/de\/wp-json\/wp\/v2\/pages\/967\/revisions\/1016"}],"wp:attachment":[{"href":"https:\/\/woldrew.pl\/de\/wp-json\/wp\/v2\/media?parent=967"}],"curies":[{"name":"wp","href":"https:\/\/api.w.org\/{rel}","templated":true}]}}