{"id":843,"date":"2019-12-17T12:33:07","date_gmt":"2019-12-17T11:33:07","guid":{"rendered":"https:\/\/woldrew.pl\/?page_id=843"},"modified":"2023-04-15T14:27:51","modified_gmt":"2023-04-15T12:27:51","slug":"home","status":"publish","type":"page","link":"https:\/\/woldrew.pl\/en\/","title":{"rendered":"Home"},"content":{"rendered":"<section class=\"wpb-content-wrapper\">[vc_section full_width=&#8221;stretch_row&#8221; content_placement=&#8221;middle&#8221; el_class=&#8221;hero-slider-wrapper&#8221;][vc_row][vc_column][rev_slider_vc alias=&#8221;home&#8221;][\/vc_column][\/vc_row][\/vc_section][vc_section el_class=&#8221;content-section&#8221;][vc_row][vc_column][vc_column_text]Woldrew is a generational company, for several decades specializing in the production of solid wood elements. We offer solid furniture boards for professionals, the highest quality wooden floors and staircases. For our business partners we provide high quality wood smoking services according to the latest and safe technologies.[\/vc_column_text][\/vc_column][\/vc_row][\/vc_section][vc_section el_class=&#8221;content-section&#8221;][vc_row][vc_column][vc_column_text el_class=&#8221;heading medium&#8221;]\n<h2>Furniture boards<\/h2>\n[\/vc_column_text][vc_column_text]Furniture board made of long, solid wooden laths (full strip) glued along the longer edges with D3 class glue. All components of the board undergo a process of profiling and sorting according to the quality. Individual selection of boards prior to gluing guarantees a harmonious and elegant composition and a perfect look.[\/vc_column_text][\/vc_column][\/vc_row][\/vc_section][vc_section el_class=&#8221;fancybox-section padding-bottom-small&#8221;][vc_row thb_column_padding=&#8221;true&#8221;][vc_column width=&#8221;1\/3&#8243;]\t<div id=\"thb-fancy-box-69fb3ce1aac69\" class=\"thb-fancy-box  fancy-light fancy-style6  thb-top-left animation fade-in  has-link\">\r\n\t\t\t\t<a href=\"https:\/\/woldrew.pl\/en\/furniture-boards\/\" class=\"thb-fancy-link \" target=\"_self\">\r\n\t\t\t\t\t\t\t<div class=\"button small style2 white pill-radius\"><span>Check it out<\/span><svg xmlns=\"http:\/\/www.w3.org\/2000\/svg\" xmlns:xlink=\"http:\/\/www.w3.org\/1999\/xlink\" x=\"0px\" y=\"0px\"\r\n\t width=\"30px\" height=\"18px\" viewBox=\"0 0 30 18\" enable-background=\"new 0 0 30 18\" xml:space=\"preserve\">\r\n<path class=\"handle\" d=\"M20.305,16.212c-0.407,0.409-0.407,1.071,0,1.479s1.068,0.408,1.476,0l7.914-7.952c0.408-0.409,0.408-1.071,0-1.481\r\n\tl-7.914-7.952c-0.407-0.409-1.068-0.409-1.476,0s-0.407,1.071,0,1.48l7.185,7.221L20.305,16.212z\"\/>\r\n<path class=\"bar\" fill-rule=\"evenodd\" clip-rule=\"evenodd\" d=\"M1,8h28.001c0.551,0,1,0.448,1,1c0,0.553-0.449,1-1,1H1c-0.553,0-1-0.447-1-1\r\n\tC0,8.448,0.447,8,1,8z\"\/>\r\n<\/svg>\r\n<\/div>\r\n\t\t\t\t\t<\/a>\r\n\t\t\t\t<div class=\"thb-fancy-image-container \">\r\n\t\t\t<div class=\"thb-fancy-image\">\r\n\t\t\t\t<img width=\"400\" height=\"267\" src=\"https:\/\/woldrew.pl\/wp-content\/uploads\/2019\/04\/dab-ntrl_a2-400x267.jpg\" class=\"attachment-revolution-tall-x3 size-revolution-tall-x3\" alt=\"Klejonka d\u0119bowa, rustikal\" decoding=\"async\" srcset=\"https:\/\/woldrew.pl\/wp-content\/uploads\/2019\/04\/dab-ntrl_a2-400x267.jpg 400w, https:\/\/woldrew.pl\/wp-content\/uploads\/2019\/04\/dab-ntrl_a2-400x267-380x254.jpg 380w, https:\/\/woldrew.pl\/wp-content\/uploads\/2019\/04\/dab-ntrl_a2-400x267-190x127.jpg 190w, https:\/\/woldrew.pl\/wp-content\/uploads\/2019\/04\/dab-ntrl_a2-400x267-20x13.jpg 20w\" sizes=\"(max-width: 400px) 100vw, 400px\" \/>\t\t\t<\/div>\r\n\t\t<\/div>\r\n\t\t\t\t<div class=\"thb-fancy-content \">\r\n\t\t\t\t\t\tOak\t\t<\/div>\r\n\t\t<style>\r\n\t\t\t#thb-fancy-box-69fb3ce1aac69,\r\n\t\t\t#thb-fancy-box-69fb3ce1aac69.fancy-style5 .thb-fancy-image-container,\r\n\t\t\t#thb-fancy-box-69fb3ce1aac69 .atvImg-container,\r\n\t\t\t#thb-fancy-box-69fb3ce1aac69 .atvImg-layers {\r\n\t\t\t\tmin-height: 300px;\r\n\t\t\t}\r\n\t\t\t\t\t\t\t\t<\/style>\r\n\t<\/div>\r\n\t\r\n\t[\/vc_column][vc_column width=&#8221;1\/3&#8243;]\t<div id=\"thb-fancy-box-69fb3ce1ab515\" class=\"thb-fancy-box  fancy-light fancy-style6  thb-top-left animation fade-in  has-link\">\r\n\t\t\t\t<a href=\"https:\/\/woldrew.pl\/en\/furniture-boards\/\" class=\"thb-fancy-link \" target=\"_self\">\r\n\t\t\t\t\t\t\t<div class=\"button small style2 white pill-radius\"><span>Check it out<\/span><svg xmlns=\"http:\/\/www.w3.org\/2000\/svg\" xmlns:xlink=\"http:\/\/www.w3.org\/1999\/xlink\" x=\"0px\" y=\"0px\"\r\n\t width=\"30px\" height=\"18px\" viewBox=\"0 0 30 18\" enable-background=\"new 0 0 30 18\" xml:space=\"preserve\">\r\n<path class=\"handle\" d=\"M20.305,16.212c-0.407,0.409-0.407,1.071,0,1.479s1.068,0.408,1.476,0l7.914-7.952c0.408-0.409,0.408-1.071,0-1.481\r\n\tl-7.914-7.952c-0.407-0.409-1.068-0.409-1.476,0s-0.407,1.071,0,1.48l7.185,7.221L20.305,16.212z\"\/>\r\n<path class=\"bar\" fill-rule=\"evenodd\" clip-rule=\"evenodd\" d=\"M1,8h28.001c0.551,0,1,0.448,1,1c0,0.553-0.449,1-1,1H1c-0.553,0-1-0.447-1-1\r\n\tC0,8.448,0.447,8,1,8z\"\/>\r\n<\/svg>\r\n<\/div>\r\n\t\t\t\t\t<\/a>\r\n\t\t\t\t<div class=\"thb-fancy-image-container \">\r\n\t\t\t<div class=\"thb-fancy-image\">\r\n\t\t\t\t<img width=\"400\" height=\"267\" src=\"https:\/\/woldrew.pl\/wp-content\/uploads\/2019\/04\/glowna_d_wedzony.jpg\" class=\"attachment-revolution-tall-x3 size-revolution-tall-x3\" alt=\"P\u0142yta mikrowczep, d\u0105b w\u0119dzony\" decoding=\"async\" srcset=\"https:\/\/woldrew.pl\/wp-content\/uploads\/2019\/04\/glowna_d_wedzony.jpg 400w, https:\/\/woldrew.pl\/wp-content\/uploads\/2019\/04\/glowna_d_wedzony-380x254.jpg 380w, https:\/\/woldrew.pl\/wp-content\/uploads\/2019\/04\/glowna_d_wedzony-190x127.jpg 190w, https:\/\/woldrew.pl\/wp-content\/uploads\/2019\/04\/glowna_d_wedzony-20x13.jpg 20w\" sizes=\"(max-width: 400px) 100vw, 400px\" \/>\t\t\t<\/div>\r\n\t\t<\/div>\r\n\t\t\t\t<div class=\"thb-fancy-content \">\r\n\t\t\t\t\t\tSmoked oak\t\t<\/div>\r\n\t\t<style>\r\n\t\t\t#thb-fancy-box-69fb3ce1ab515,\r\n\t\t\t#thb-fancy-box-69fb3ce1ab515.fancy-style5 .thb-fancy-image-container,\r\n\t\t\t#thb-fancy-box-69fb3ce1ab515 .atvImg-container,\r\n\t\t\t#thb-fancy-box-69fb3ce1ab515 .atvImg-layers {\r\n\t\t\t\tmin-height: 300px;\r\n\t\t\t}\r\n\t\t\t\t\t\t\t\t<\/style>\r\n\t<\/div>\r\n\t\r\n\t[\/vc_column][vc_column width=&#8221;1\/3&#8243;]\t<div id=\"thb-fancy-box-69fb3ce1abaea\" class=\"thb-fancy-box  fancy-light fancy-style6  thb-top-left animation fade-in  has-link\">\r\n\t\t\t\t<a href=\"https:\/\/woldrew.pl\/en\/furniture-boards\/\" class=\"thb-fancy-link \" target=\"_self\">\r\n\t\t\t\t\t\t\t<div class=\"button small style2 white pill-radius\"><span>Check it out<\/span><svg xmlns=\"http:\/\/www.w3.org\/2000\/svg\" xmlns:xlink=\"http:\/\/www.w3.org\/1999\/xlink\" x=\"0px\" y=\"0px\"\r\n\t width=\"30px\" height=\"18px\" viewBox=\"0 0 30 18\" enable-background=\"new 0 0 30 18\" xml:space=\"preserve\">\r\n<path class=\"handle\" d=\"M20.305,16.212c-0.407,0.409-0.407,1.071,0,1.479s1.068,0.408,1.476,0l7.914-7.952c0.408-0.409,0.408-1.071,0-1.481\r\n\tl-7.914-7.952c-0.407-0.409-1.068-0.409-1.476,0s-0.407,1.071,0,1.48l7.185,7.221L20.305,16.212z\"\/>\r\n<path class=\"bar\" fill-rule=\"evenodd\" clip-rule=\"evenodd\" d=\"M1,8h28.001c0.551,0,1,0.448,1,1c0,0.553-0.449,1-1,1H1c-0.553,0-1-0.447-1-1\r\n\tC0,8.448,0.447,8,1,8z\"\/>\r\n<\/svg>\r\n<\/div>\r\n\t\t\t\t\t<\/a>\r\n\t\t\t\t<div class=\"thb-fancy-image-container \">\r\n\t\t\t<div class=\"thb-fancy-image\">\r\n\t\t\t\t<img width=\"400\" height=\"267\" src=\"https:\/\/woldrew.pl\/wp-content\/uploads\/2019\/04\/glowna_jesion.jpg\" class=\"attachment-revolution-tall-x3 size-revolution-tall-x3\" alt=\"Klejonka jesionowa, AB\" decoding=\"async\" srcset=\"https:\/\/woldrew.pl\/wp-content\/uploads\/2019\/04\/glowna_jesion.jpg 400w, https:\/\/woldrew.pl\/wp-content\/uploads\/2019\/04\/glowna_jesion-380x254.jpg 380w, https:\/\/woldrew.pl\/wp-content\/uploads\/2019\/04\/glowna_jesion-190x127.jpg 190w, https:\/\/woldrew.pl\/wp-content\/uploads\/2019\/04\/glowna_jesion-20x13.jpg 20w\" sizes=\"(max-width: 400px) 100vw, 400px\" \/>\t\t\t<\/div>\r\n\t\t<\/div>\r\n\t\t\t\t<div class=\"thb-fancy-content \">\r\n\t\t\t\t\t\tAsh\t\t<\/div>\r\n\t\t<style>\r\n\t\t\t#thb-fancy-box-69fb3ce1abaea,\r\n\t\t\t#thb-fancy-box-69fb3ce1abaea.fancy-style5 .thb-fancy-image-container,\r\n\t\t\t#thb-fancy-box-69fb3ce1abaea .atvImg-container,\r\n\t\t\t#thb-fancy-box-69fb3ce1abaea .atvImg-layers {\r\n\t\t\t\tmin-height: 300px;\r\n\t\t\t}\r\n\t\t\t\t\t\t\t\t<\/style>\r\n\t<\/div>\r\n\t\r\n\t[\/vc_column][\/vc_row][\/vc_section][vc_section el_class=&#8221;fancybox-section has-border-bottom margin-bottom-medium&#8221;][vc_row thb_column_padding=&#8221;true&#8221;][vc_column width=&#8221;1\/3&#8243;]\t<div id=\"thb-fancy-box-69fb3ce1ac1c9\" class=\"thb-fancy-box  fancy-light fancy-style1 border-bottom-default thb-top-left animation bottom-to-top  \">\r\n\t\t\t\t<div class=\"thb-fancy-image-container \">\r\n\t\t\t<div class=\"thb-fancy-image\">\r\n\t\t\t\t<img width=\"400\" height=\"200\" src=\"https:\/\/woldrew.pl\/wp-content\/uploads\/2019\/04\/set-2-400x200.png\" class=\"attachment-revolution-tall-x3 size-revolution-tall-x3\" alt=\"\" decoding=\"async\" srcset=\"https:\/\/woldrew.pl\/wp-content\/uploads\/2019\/04\/set-2-400x200.png 400w, https:\/\/woldrew.pl\/wp-content\/uploads\/2019\/04\/set-2-400x200-380x190.png 380w, https:\/\/woldrew.pl\/wp-content\/uploads\/2019\/04\/set-2-400x200-20x9.png 20w, https:\/\/woldrew.pl\/wp-content\/uploads\/2019\/04\/set-2-400x200-190x95.png 190w\" sizes=\"(max-width: 400px) 100vw, 400px\" \/>\t\t\t<\/div>\r\n\t\t<\/div>\r\n\t\t\t\t<div class=\"thb-fancy-hover\"><\/div>\r\n\t\t\t\t<div class=\"thb-fancy-content \">\r\n\t\t\t\t\t\tSolid boards\t\t<\/div>\r\n\t\t<style>\r\n\t\t\t#thb-fancy-box-69fb3ce1ac1c9,\r\n\t\t\t#thb-fancy-box-69fb3ce1ac1c9.fancy-style5 .thb-fancy-image-container,\r\n\t\t\t#thb-fancy-box-69fb3ce1ac1c9 .atvImg-container,\r\n\t\t\t#thb-fancy-box-69fb3ce1ac1c9 .atvImg-layers {\r\n\t\t\t\tmin-height: 275px;\r\n\t\t\t}\r\n\t\t\t\t\t\t\t\t\t\t\t\t\t\t\t#thb-fancy-box-69fb3ce1ac1c9 .thb-fancy-hover {\r\n\t\t\t\t\t\tbackground:rgba(0,0,0,0.01);background:linear-gradient( -135deg,rgba(0,0,0,0.01),rgba(0,0,0,0.01) );\t\t\t\t\t}\r\n\t\t\t\t\t\t\t\t\t<\/style>\r\n\t<\/div>\r\n\t\r\n\t[\/vc_column][vc_column width=&#8221;1\/3&#8243;]\t<div id=\"thb-fancy-box-69fb3ce1ac820\" class=\"thb-fancy-box  fancy-light fancy-style1 border-bottom-tint thb-top-left animation bottom-to-top  \">\r\n\t\t\t\t<div class=\"thb-fancy-image-container \">\r\n\t\t\t<div class=\"thb-fancy-image\">\r\n\t\t\t\t<img width=\"400\" height=\"200\" src=\"https:\/\/woldrew.pl\/wp-content\/uploads\/2019\/04\/set-3-400x200.png\" class=\"attachment-revolution-tall-x3 size-revolution-tall-x3\" alt=\"\" decoding=\"async\" srcset=\"https:\/\/woldrew.pl\/wp-content\/uploads\/2019\/04\/set-3-400x200.png 400w, https:\/\/woldrew.pl\/wp-content\/uploads\/2019\/04\/set-3-400x200-380x190.png 380w, https:\/\/woldrew.pl\/wp-content\/uploads\/2019\/04\/set-3-400x200-20x9.png 20w, https:\/\/woldrew.pl\/wp-content\/uploads\/2019\/04\/set-3-400x200-190x95.png 190w\" sizes=\"(max-width: 400px) 100vw, 400px\" \/>\t\t\t<\/div>\r\n\t\t<\/div>\r\n\t\t\t\t<div class=\"thb-fancy-hover\"><\/div>\r\n\t\t\t\t<div class=\"thb-fancy-content \">\r\n\t\t\t\t\t\tFingerjoints\t\t<\/div>\r\n\t\t<style>\r\n\t\t\t#thb-fancy-box-69fb3ce1ac820,\r\n\t\t\t#thb-fancy-box-69fb3ce1ac820.fancy-style5 .thb-fancy-image-container,\r\n\t\t\t#thb-fancy-box-69fb3ce1ac820 .atvImg-container,\r\n\t\t\t#thb-fancy-box-69fb3ce1ac820 .atvImg-layers {\r\n\t\t\t\tmin-height: 275px;\r\n\t\t\t}\r\n\t\t\t\t\t\t\t\t\t\t\t\t\t\t\t#thb-fancy-box-69fb3ce1ac820 .thb-fancy-hover {\r\n\t\t\t\t\t\tbackground:rgba(0,0,0,0.01);background:linear-gradient( -135deg,rgba(0,0,0,0.01),rgba(0,0,0,0.01) );\t\t\t\t\t}\r\n\t\t\t\t\t\t\t\t\t<\/style>\r\n\t<\/div>\r\n\t\r\n\t[\/vc_column][vc_column width=&#8221;1\/3&#8243;]\t<div id=\"thb-fancy-box-69fb3ce1ae809\" class=\"thb-fancy-box  fancy-light fancy-style1 border-bottom-shade thb-top-left animation bottom-to-top  \">\r\n\t\t\t\t<div class=\"thb-fancy-image-container \">\r\n\t\t\t<div class=\"thb-fancy-image\">\r\n\t\t\t\t<img width=\"400\" height=\"200\" src=\"https:\/\/woldrew.pl\/wp-content\/uploads\/2019\/04\/set-1-400x200.png\" class=\"attachment-revolution-tall-x3 size-revolution-tall-x3\" alt=\"\" decoding=\"async\" srcset=\"https:\/\/woldrew.pl\/wp-content\/uploads\/2019\/04\/set-1-400x200.png 400w, https:\/\/woldrew.pl\/wp-content\/uploads\/2019\/04\/set-1-400x200-380x190.png 380w, https:\/\/woldrew.pl\/wp-content\/uploads\/2019\/04\/set-1-400x200-20x9.png 20w, https:\/\/woldrew.pl\/wp-content\/uploads\/2019\/04\/set-1-400x200-190x95.png 190w\" sizes=\"(max-width: 400px) 100vw, 400px\" \/>\t\t\t<\/div>\r\n\t\t<\/div>\r\n\t\t\t\t<div class=\"thb-fancy-hover\"><\/div>\r\n\t\t\t\t<div class=\"thb-fancy-content \">\r\n\t\t\t\t\t\tFineline\t\t<\/div>\r\n\t\t<style>\r\n\t\t\t#thb-fancy-box-69fb3ce1ae809,\r\n\t\t\t#thb-fancy-box-69fb3ce1ae809.fancy-style5 .thb-fancy-image-container,\r\n\t\t\t#thb-fancy-box-69fb3ce1ae809 .atvImg-container,\r\n\t\t\t#thb-fancy-box-69fb3ce1ae809 .atvImg-layers {\r\n\t\t\t\tmin-height: 275px;\r\n\t\t\t}\r\n\t\t\t\t\t\t\t\t\t\t\t\t\t\t\t#thb-fancy-box-69fb3ce1ae809 .thb-fancy-hover {\r\n\t\t\t\t\t\tbackground:rgba(0,0,0,0.01);background:linear-gradient( -135deg,rgba(0,0,0,0.01),rgba(0,0,0,0.01) );\t\t\t\t\t}\r\n\t\t\t\t\t\t\t\t\t<\/style>\r\n\t<\/div>\r\n\t\r\n\t[\/vc_column][\/vc_row][\/vc_section][vc_section el_class=&#8221;content-section margin-bottom-large&#8221;][vc_row el_class=&#8221;margin-bottom-medium&#8221;][vc_column][vc_column_text el_class=&#8221;subheading green small&#8221;]We also offer[\/vc_column_text][\/vc_column][\/vc_row][vc_row][vc_column width=&#8221;1\/3&#8243;]\t<a id=\"thb-iconbox-69fb3ce1aeeda\" class=\"has-link thb-iconbox top type3  has-img  text-left animation-true\" href=\"https:\/\/woldrew.pl\/en\/staircase-elements\/\" target=\"_self\" data-animation_speed=\"1.5\">\n\t\t\t\t<figure>\n\t\t\t\t\t\t\t<div class=\"iconbox-image\">\n\t\t\t\t\t<img width=\"92\" height=\"108\" src=\"https:\/\/woldrew.pl\/wp-content\/uploads\/2019\/04\/shape-1.png\" class=\"thb_image  attachment-full\" alt=\"\" decoding=\"async\" title=\"Shape 1\" srcset=\"https:\/\/woldrew.pl\/wp-content\/uploads\/2019\/04\/shape-1.png 92w, https:\/\/woldrew.pl\/wp-content\/uploads\/2019\/04\/shape-1-20x23.png 20w\" sizes=\"(max-width: 92px) 100vw, 92px\" \/>\t\t\t\t\t\t\t\t\t<\/div>\n\t\t\t\t\t\t\t\t\t\t\t\t<\/figure>\n\t\t\t\t<div class=\"iconbox-content\">\n\t\t\t\t\t\t\t<h5>Staircase elements<\/h5>\t\t\t<p>Steps and stair risers.<\/p>\n\t\t\t\t\t\t\t<span class=\"thb-read-more btn-text style5\">\n\t\t\t\t\t<span>Check it out<\/span>\n\t\t\t\t\t\t\t\t\t\t\t\t\t\t\t\t<div class=\"arrow\"><svg xmlns=\"http:\/\/www.w3.org\/2000\/svg\" xmlns:xlink=\"http:\/\/www.w3.org\/1999\/xlink\" x=\"0px\" y=\"0px\"\r\n\t width=\"30px\" height=\"18px\" viewBox=\"0 0 30 18\" enable-background=\"new 0 0 30 18\" xml:space=\"preserve\">\r\n<path class=\"handle\" d=\"M20.305,16.212c-0.407,0.409-0.407,1.071,0,1.479s1.068,0.408,1.476,0l7.914-7.952c0.408-0.409,0.408-1.071,0-1.481\r\n\tl-7.914-7.952c-0.407-0.409-1.068-0.409-1.476,0s-0.407,1.071,0,1.48l7.185,7.221L20.305,16.212z\"\/>\r\n<path class=\"bar\" fill-rule=\"evenodd\" clip-rule=\"evenodd\" d=\"M1,8h28.001c0.551,0,1,0.448,1,1c0,0.553-0.449,1-1,1H1c-0.553,0-1-0.447-1-1\r\n\tC0,8.448,0.447,8,1,8z\"\/>\r\n<\/svg>\r\n<\/div>\n\t\t\t\t\t\t\t\t\t<\/span>\n\t\t\t\t\t<\/div>\n\t\t<style>\n\t\t\t\t\t\t\t\t\t\t\t\t\t\t\t\t\t\t\t\t\t\t\t\t\/* Hover *\/\n\t\t\t\t\t\t\t\t\t\t\t<\/style>\n\t<\/a>\n\t[\/vc_column][vc_column width=&#8221;1\/3&#8243;]\t<a id=\"thb-iconbox-69fb3ce1aface\" class=\"has-link thb-iconbox top type3  has-img  text-left animation-true\" href=\"https:\/\/woldrew.pl\/en\/wood-smoking\/\" target=\"_self\" data-animation_speed=\"1.5\">\n\t\t\t\t<figure>\n\t\t\t\t\t\t\t<div class=\"iconbox-image\">\n\t\t\t\t\t<img width=\"76\" height=\"108\" src=\"https:\/\/woldrew.pl\/wp-content\/uploads\/2019\/04\/forma-2.png\" class=\"thb_image  attachment-full\" alt=\"\" decoding=\"async\" title=\"Forma 2\" srcset=\"https:\/\/woldrew.pl\/wp-content\/uploads\/2019\/04\/forma-2.png 76w, https:\/\/woldrew.pl\/wp-content\/uploads\/2019\/04\/forma-2-20x28.png 20w\" sizes=\"(max-width: 76px) 100vw, 76px\" \/>\t\t\t\t\t\t\t\t\t<\/div>\n\t\t\t\t\t\t\t\t\t\t\t\t<\/figure>\n\t\t\t\t<div class=\"iconbox-content\">\n\t\t\t\t\t\t\t<h5>Wood smoking<\/h5>\t\t\t<p>High-quality wood smoking services according to the latest and safe technologies.<\/p>\n\t\t\t\t\t\t\t<span class=\"thb-read-more btn-text style5\">\n\t\t\t\t\t<span>Check it out<\/span>\n\t\t\t\t\t\t\t\t\t\t\t\t\t\t\t\t<div class=\"arrow\"><svg xmlns=\"http:\/\/www.w3.org\/2000\/svg\" xmlns:xlink=\"http:\/\/www.w3.org\/1999\/xlink\" x=\"0px\" y=\"0px\"\r\n\t width=\"30px\" height=\"18px\" viewBox=\"0 0 30 18\" enable-background=\"new 0 0 30 18\" xml:space=\"preserve\">\r\n<path class=\"handle\" d=\"M20.305,16.212c-0.407,0.409-0.407,1.071,0,1.479s1.068,0.408,1.476,0l7.914-7.952c0.408-0.409,0.408-1.071,0-1.481\r\n\tl-7.914-7.952c-0.407-0.409-1.068-0.409-1.476,0s-0.407,1.071,0,1.48l7.185,7.221L20.305,16.212z\"\/>\r\n<path class=\"bar\" fill-rule=\"evenodd\" clip-rule=\"evenodd\" d=\"M1,8h28.001c0.551,0,1,0.448,1,1c0,0.553-0.449,1-1,1H1c-0.553,0-1-0.447-1-1\r\n\tC0,8.448,0.447,8,1,8z\"\/>\r\n<\/svg>\r\n<\/div>\n\t\t\t\t\t\t\t\t\t<\/span>\n\t\t\t\t\t<\/div>\n\t\t<style>\n\t\t\t\t\t\t\t\t\t\t\t\t\t\t\t\t\t\t\t\t\t\t\t\t\/* Hover *\/\n\t\t\t\t\t\t\t\t\t\t\t<\/style>\n\t<\/a>\n\t[\/vc_column][\/vc_row][\/vc_section][vc_row thb_full_width=&#8221;true&#8221; thb_row_padding=&#8221;true&#8221; thb_column_padding=&#8221;true&#8221; css=&#8221;.vc_custom_1559035190455{margin-top: 0px !important;margin-right: 0px !important;margin-bottom: 0px !important;margin-left: 0px !important;border-top-width: 0px !important;border-right-width: 0px !important;border-bottom-width: 0px !important;border-left-width: 0px !important;padding-top: 0px !important;padding-right: 0px !important;padding-bottom: 0px !important;padding-left: 0px !important;}&#8221; el_class=&#8221;gallery-section nodescription&#8221;][vc_column][vc_gallery gallery_type=&#8221;thb-portfolio&#8221; thb_margins=&#8221;pixel-padding&#8221; lightbox=&#8221;mfp-gallery&#8221; images=&#8221;388,367,387,371&#8243; img_size=&#8221;&#8221;][\/vc_column][\/vc_row][vc_section el_class=&#8221;contact-section content-section margin-top-medium margin-bottom-medium&#8221;][vc_row][vc_column][vc_column_text el_class=&#8221;heading medium&#8221;]Contact[\/vc_column_text][\/vc_column][\/vc_row][vc_row el_class=&#8221;contact-data&#8221;][vc_column width=&#8221;1\/3&#8243;][vc_column_text]Woldrew S.A.<\/p>\n<p>NIP: 696-000-65-42<br \/>\nREGON: 411524127<br \/>\nKRS: 0000535864[\/vc_column_text]\t<div id=\"thb-iconbox-69fb3ce1b05d4\" class=\"thb-iconbox left type1  has-img   animation-true\" href=\"\" target=\"_self\" data-animation_speed=\"1\">\n\t\t\t\t<figure>\n\t\t\t\t\t\t\t<div class=\"iconbox-image\">\n\t\t\t\t\t<img width=\"36\" height=\"30\" src=\"https:\/\/woldrew.pl\/wp-content\/uploads\/2019\/04\/ico-1.png\" class=\"thb_image  attachment-full\" alt=\"\" decoding=\"async\" title=\"ico-1\" srcset=\"https:\/\/woldrew.pl\/wp-content\/uploads\/2019\/04\/ico-1.png 36w, https:\/\/woldrew.pl\/wp-content\/uploads\/2019\/04\/ico-1-20x17.png 20w\" sizes=\"(max-width: 36px) 100vw, 36px\" \/>\t\t\t\t\t\t\t\t\t<\/div>\n\t\t\t\t\t\t\t\t\t\t\t\t<\/figure>\n\t\t\t\t<div class=\"iconbox-content\">\n\t\t\t\t\t\t<p>Ul. Gosty\u0144ska 23<\/p>\n<p>64-125 Poniec<\/p>\n\t\t\t\t\t<\/div>\n\t\t<style>\n\t\t\t\t\t\t\t\t\t\t\t\t\t\t\t\t\t\t\t#thb-iconbox-69fb3ce1b05d4.thb-iconbox .iconbox-image img {\n\t\t\t\t\twidth: 36px;\n\t\t\t\t\theight: auto;\n\t\t\t\t}\n\t\t\t\t\t\t\t\t\t\t\t\t\/* Hover *\/\n\t\t\t\t\t\t\t\t\t\t\t<\/style>\n\t<\/div>\n\t\t<div id=\"thb-iconbox-69fb3ce1b22cd\" class=\"thb-iconbox left type1  has-img   animation-true\" href=\"\" target=\"_self\" data-animation_speed=\"1\">\n\t\t\t\t<figure>\n\t\t\t\t\t\t\t<div class=\"iconbox-image\">\n\t\t\t\t\t<img width=\"36\" height=\"32\" src=\"https:\/\/woldrew.pl\/wp-content\/uploads\/2019\/04\/ico-2.png\" class=\"thb_image  attachment-full\" alt=\"\" decoding=\"async\" title=\"ico-2\" srcset=\"https:\/\/woldrew.pl\/wp-content\/uploads\/2019\/04\/ico-2.png 36w, https:\/\/woldrew.pl\/wp-content\/uploads\/2019\/04\/ico-2-20x18.png 20w\" sizes=\"(max-width: 36px) 100vw, 36px\" \/>\t\t\t\t\t\t\t\t\t<\/div>\n\t\t\t\t\t\t\t\t\t\t\t\t<\/figure>\n\t\t\t\t<div class=\"iconbox-content\">\n\t\t\t\t\t\t<p>+48 65 573 15 16<\/p>\n\t\t\t\t\t<\/div>\n\t\t<style>\n\t\t\t\t\t\t\t\t\t\t\t\t\t\t\t\t\t\t\t#thb-iconbox-69fb3ce1b22cd.thb-iconbox .iconbox-image img {\n\t\t\t\t\twidth: 36px;\n\t\t\t\t\theight: auto;\n\t\t\t\t}\n\t\t\t\t\t\t\t\t\t\t\t\t\/* Hover *\/\n\t\t\t\t\t\t\t\t\t\t\t<\/style>\n\t<\/div>\n\t\t<div id=\"thb-iconbox-69fb3ce1b3c0f\" class=\"thb-iconbox left type1  has-img   animation-true\" href=\"\" target=\"_self\" data-animation_speed=\"1\">\n\t\t\t\t<figure>\n\t\t\t\t\t\t\t<div class=\"iconbox-image\">\n\t\t\t\t\t<img width=\"36\" height=\"23\" src=\"https:\/\/woldrew.pl\/wp-content\/uploads\/2019\/04\/ico-3.png\" class=\"thb_image  attachment-full\" alt=\"\" decoding=\"async\" title=\"ico-3\" srcset=\"https:\/\/woldrew.pl\/wp-content\/uploads\/2019\/04\/ico-3.png 36w, https:\/\/woldrew.pl\/wp-content\/uploads\/2019\/04\/ico-3-20x13.png 20w\" sizes=\"(max-width: 36px) 100vw, 36px\" \/>\t\t\t\t\t\t\t\t\t<\/div>\n\t\t\t\t\t\t\t\t\t\t\t\t<\/figure>\n\t\t\t\t<div class=\"iconbox-content\">\n\t\t\t\t\t\t<p><a href=\"mailto:info@woldrew.pl\">info@woldrew.pl<\/a><\/p>\n\t\t\t\t\t<\/div>\n\t\t<style>\n\t\t\t\t\t\t\t\t\t\t\t\t\t\t\t\t\t\t\t#thb-iconbox-69fb3ce1b3c0f.thb-iconbox .iconbox-image img {\n\t\t\t\t\twidth: 36px;\n\t\t\t\t\theight: auto;\n\t\t\t\t}\n\t\t\t\t\t\t\t\t\t\t\t\t\/* Hover *\/\n\t\t\t\t\t\t\t\t\t\t\t<\/style>\n\t<\/div>\n\t[\/vc_column][vc_column width=&#8221;2\/3&#8243;][vc_gmaps link=&#8221;#E-8_JTNDaWZyYW1lJTIwc3JjJTNEJTIyaHR0cHMlM0ElMkYlMkZ3d3cuZ29vZ2xlLmNvbSUyRm1hcHMlMkZlbWJlZCUzRnBiJTNEJTIxMW0xOCUyMTFtMTIlMjExbTMlMjExZDI0NjkuMDAyMjUzNTQ5Njc4MiUyMTJkMTYuODA2Mzc4NDE2NTAxODY1JTIxM2Q1MS43Njk1NjU5Nzk2NzkwNiUyMTJtMyUyMTFmMCUyMTJmMCUyMTNmMCUyMTNtMiUyMTFpMTAyNCUyMTJpNzY4JTIxNGYxMy4xJTIxM20zJTIxMW0yJTIxMXMweDQ3MDU3NWMwZGEyOGFiMWQlMjUzQTB4YzViM2VmMTg5NTNiYjQxNSUyMTJzV29sZHJldyUyQlNBJTIxNWUwJTIxM20yJTIxMXNwbCUyMTJzcGwlMjE0djE1NTUwNjkyMTA3NzQlMjE1bTIlMjExc3BsJTIxMnNwbCUyMiUyMHdpZHRoJTNEJTIyNjAwJTIyJTIwaGVpZ2h0JTNEJTIyNDUwJTIyJTIwZnJhbWVib3JkZXIlM0QlMjIwJTIyJTIwc3R5bGUlM0QlMjJib3JkZXIlM0EwJTIyJTIwYWxsb3dmdWxsc2NyZWVuJTNFJTNDJTJGaWZyYW1lJTNF&#8221; size=&#8221;300&#8243;][\/vc_column][\/vc_row][\/vc_section]\n<\/section>","protected":false},"excerpt":{"rendered":"<p>[vc_section full_width=&#8221;stretch_row&#8221; content_placement=&#8221;middle&#8221; el_class=&#8221;hero-slider-wrapper&#8221;][vc_row][vc_column][rev_slider_vc alias=&#8221;home&#8221;][\/vc_column][\/vc_row][\/vc_section][vc_section el_class=&#8221;content-section&#8221;][vc_row][vc_column][vc_column_text]Woldrew is a generational company, for several decades specializing in the production of solid wood elements. We offer solid furniture boards for professionals, the highest quality wooden floors and staircases. For our business partners we provide high quality wood smoking services according to the latest and safe technologies.[\/vc_column_text][\/vc_column][\/vc_row][\/vc_section][vc_section el_class=&#8221;content-section&#8221;][vc_row][vc_column][vc_column_text el_class=&#8221;heading&hellip;<\/p>\n","protected":false},"author":1,"featured_media":0,"parent":0,"menu_order":0,"comment_status":"closed","ping_status":"closed","template":"","meta":{"_seopress_robots_primary_cat":""},"_links":{"self":[{"href":"https:\/\/woldrew.pl\/en\/wp-json\/wp\/v2\/pages\/843"}],"collection":[{"href":"https:\/\/woldrew.pl\/en\/wp-json\/wp\/v2\/pages"}],"about":[{"href":"https:\/\/woldrew.pl\/en\/wp-json\/wp\/v2\/types\/page"}],"author":[{"embeddable":true,"href":"https:\/\/woldrew.pl\/en\/wp-json\/wp\/v2\/users\/1"}],"replies":[{"embeddable":true,"href":"https:\/\/woldrew.pl\/en\/wp-json\/wp\/v2\/comments?post=843"}],"version-history":[{"count":10,"href":"https:\/\/woldrew.pl\/en\/wp-json\/wp\/v2\/pages\/843\/revisions"}],"predecessor-version":[{"id":1023,"href":"https:\/\/woldrew.pl\/en\/wp-json\/wp\/v2\/pages\/843\/revisions\/1023"}],"wp:attachment":[{"href":"https:\/\/woldrew.pl\/en\/wp-json\/wp\/v2\/media?parent=843"}],"curies":[{"name":"wp","href":"https:\/\/api.w.org\/{rel}","templated":true}]}}